{"id":432,"date":"2019-11-01T19:54:07","date_gmt":"2019-11-01T18:54:07","guid":{"rendered":"https:\/\/eveil-de-femme.com\/?page_id=432"},"modified":"2022-12-22T09:58:59","modified_gmt":"2022-12-22T08:58:59","slug":"nina-buret-gutknecht","status":"publish","type":"page","link":"https:\/\/eveil-de-femme.com\/index.php\/nina-buret-gutknecht\/","title":{"rendered":"Nina Buret-Gutknecht"},"content":{"rendered":"\t\t<div data-elementor-type=\"wp-page\" data-elementor-id=\"432\" class=\"elementor elementor-432\" data-elementor-post-type=\"page\">\n\t\t\t\t\t\t<section class=\"elementor-section elementor-top-section elementor-element elementor-element-5d584806 elementor-section-boxed elementor-section-height-default elementor-section-height-default\" data-id=\"5d584806\" data-element_type=\"section\" data-e-type=\"section\">\n\t\t\t\t\t\t<div class=\"elementor-container elementor-column-gap-default\">\n\t\t\t\t\t<div class=\"elementor-column elementor-col-100 elementor-top-column elementor-element elementor-element-3e550c83\" data-id=\"3e550c83\" data-element_type=\"column\" data-e-type=\"column\">\n\t\t\t<div class=\"elementor-widget-wrap elementor-element-populated\">\n\t\t\t\t\t\t<div class=\"elementor-element elementor-element-204fe6a elementor-widget elementor-widget-text-editor\" data-id=\"204fe6a\" data-element_type=\"widget\" data-e-type=\"widget\" data-widget_type=\"text-editor.default\">\n\t\t\t\t<div class=\"elementor-widget-container\">\n\t\t\t\t\t\t\t\t\t\n<div class=\"wp-block-themeisle-blocks-advanced-columns has-undefined-columns has-desktop-undefined-layout has-tablet-equal-layout has-mobile-equal-layout has-default-gap has-vertical-unset\" id=\"wp-block-themeisle-blocks-advanced-columns-9ed089d0\" style=\"border-width:0px;border-style:solid;border-color:#000000;border-radius:0px;justify-content:unset\"><div class=\"wp-themeisle-block-overlay\" style=\"opacity:0.5;mix-blend-mode:normal\"><\/div><div class=\"innerblocks-wrap\"><\/div><\/div>\n\t\t\t\t\t\t\t\t<\/div>\n\t\t\t\t<\/div>\n\t\t\t\t\t<\/div>\n\t\t<\/div>\n\t\t\t\t\t<\/div>\n\t\t<\/section>\n\t\t\t\t<section class=\"elementor-section elementor-top-section elementor-element elementor-element-47c72a6 elementor-section-boxed elementor-section-height-default elementor-section-height-default\" data-id=\"47c72a6\" data-element_type=\"section\" data-e-type=\"section\">\n\t\t\t\t\t\t<div class=\"elementor-container elementor-column-gap-default\">\n\t\t\t\t\t<div class=\"elementor-column elementor-col-100 elementor-top-column elementor-element elementor-element-6e269e8\" data-id=\"6e269e8\" data-element_type=\"column\" data-e-type=\"column\">\n\t\t\t<div class=\"elementor-widget-wrap elementor-element-populated\">\n\t\t\t\t\t\t<div class=\"elementor-element elementor-element-c15a5dd elementor-widget elementor-widget-heading\" data-id=\"c15a5dd\" data-element_type=\"widget\" data-e-type=\"widget\" data-widget_type=\"heading.default\">\n\t\t\t\t<div class=\"elementor-widget-container\">\n\t\t\t\t\t<h2 class=\"elementor-heading-title elementor-size-default\">Nina Buret-gutknecht <\/h2>\t\t\t\t<\/div>\n\t\t\t\t<\/div>\n\t\t\t\t\t<\/div>\n\t\t<\/div>\n\t\t\t\t\t<\/div>\n\t\t<\/section>\n\t\t\t\t<section class=\"elementor-section elementor-top-section elementor-element elementor-element-29b5094 elementor-section-boxed elementor-section-height-default elementor-section-height-default\" data-id=\"29b5094\" data-element_type=\"section\" data-e-type=\"section\">\n\t\t\t\t\t\t<div class=\"elementor-container elementor-column-gap-default\">\n\t\t\t\t\t<div class=\"elementor-column elementor-col-100 elementor-top-column elementor-element elementor-element-52ecc26\" data-id=\"52ecc26\" data-element_type=\"column\" data-e-type=\"column\">\n\t\t\t<div class=\"elementor-widget-wrap elementor-element-populated\">\n\t\t\t\t\t\t<div class=\"elementor-element elementor-element-190d22c elementor-widget elementor-widget-video\" data-id=\"190d22c\" data-element_type=\"widget\" data-e-type=\"widget\" data-settings=\"{&quot;youtube_url&quot;:&quot;https:\\\/\\\/www.youtube.com\\\/watch?v=5vOTBgPb6C8&quot;,&quot;video_type&quot;:&quot;youtube&quot;,&quot;controls&quot;:&quot;yes&quot;}\" data-widget_type=\"video.default\">\n\t\t\t\t<div class=\"elementor-widget-container\">\n\t\t\t\t\t\t\t<div class=\"elementor-wrapper elementor-open-inline\">\n\t\t\t<div class=\"elementor-video\"><\/div>\t\t<\/div>\n\t\t\t\t\t\t<\/div>\n\t\t\t\t<\/div>\n\t\t\t\t\t<\/div>\n\t\t<\/div>\n\t\t\t\t\t<\/div>\n\t\t<\/section>\n\t\t\t\t<section class=\"elementor-section elementor-top-section elementor-element elementor-element-31f0067 elementor-section-boxed elementor-section-height-default elementor-section-height-default\" data-id=\"31f0067\" data-element_type=\"section\" data-e-type=\"section\">\n\t\t\t\t\t\t<div class=\"elementor-container elementor-column-gap-default\">\n\t\t\t\t\t<div class=\"elementor-column elementor-col-100 elementor-top-column elementor-element elementor-element-f75c1ba\" data-id=\"f75c1ba\" data-element_type=\"column\" data-e-type=\"column\">\n\t\t\t<div class=\"elementor-widget-wrap elementor-element-populated\">\n\t\t\t\t\t\t<div class=\"elementor-element elementor-element-66d3414 elementor-widget elementor-widget-text-editor\" data-id=\"66d3414\" data-element_type=\"widget\" data-e-type=\"widget\" data-widget_type=\"text-editor.default\">\n\t\t\t\t<div class=\"elementor-widget-container\">\n\t\t\t\t\t\t\t\t\t<p><em>\u00ab\u00a0Nina, l&rsquo;ange d&rsquo;\u00c9veil de Femme, ma soeur, ma complice la femme sans qui les stages ne pourraient pas se faire avec cette qualit\u00e9 !<\/em> \u00a0\u00bb Elsa Lepescheux.<\/p>\t\t\t\t\t\t\t\t<\/div>\n\t\t\t\t<\/div>\n\t\t\t\t\t<\/div>\n\t\t<\/div>\n\t\t\t\t\t<\/div>\n\t\t<\/section>\n\t\t\t\t<section class=\"elementor-section elementor-top-section elementor-element elementor-element-7bd9ec2 elementor-section-boxed elementor-section-height-default elementor-section-height-default\" data-id=\"7bd9ec2\" data-element_type=\"section\" data-e-type=\"section\">\n\t\t\t\t\t\t<div class=\"elementor-container elementor-column-gap-default\">\n\t\t\t\t\t<div class=\"elementor-column elementor-col-100 elementor-top-column elementor-element elementor-element-015948e\" data-id=\"015948e\" data-element_type=\"column\" data-e-type=\"column\">\n\t\t\t<div class=\"elementor-widget-wrap elementor-element-populated\">\n\t\t\t\t\t\t<div class=\"elementor-element elementor-element-7c28400 elementor-widget elementor-widget-image\" data-id=\"7c28400\" data-element_type=\"widget\" data-e-type=\"widget\" data-widget_type=\"image.default\">\n\t\t\t\t<div class=\"elementor-widget-container\">\n\t\t\t\t\t\t\t\t\t\t\t\t\t\t\t<img decoding=\"async\" src=\"https:\/\/eveil-de-femme.com\/wp-content\/uploads\/2019\/11\/IMG_1808.png\" title=\"\" alt=\"\" loading=\"lazy\" \/>\t\t\t\t\t\t\t\t\t\t\t\t\t\t\t<\/div>\n\t\t\t\t<\/div>\n\t\t\t\t\t<\/div>\n\t\t<\/div>\n\t\t\t\t\t<\/div>\n\t\t<\/section>\n\t\t\t\t<section class=\"elementor-section elementor-top-section elementor-element elementor-element-4ad29ba elementor-section-boxed elementor-section-height-default elementor-section-height-default\" data-id=\"4ad29ba\" data-element_type=\"section\" data-e-type=\"section\">\n\t\t\t\t\t\t<div class=\"elementor-container elementor-column-gap-default\">\n\t\t\t\t\t<div class=\"elementor-column elementor-col-100 elementor-top-column elementor-element elementor-element-fbc8274\" data-id=\"fbc8274\" data-element_type=\"column\" data-e-type=\"column\">\n\t\t\t<div class=\"elementor-widget-wrap elementor-element-populated\">\n\t\t\t\t\t\t<div class=\"elementor-element elementor-element-a1bb6a2 elementor-widget elementor-widget-text-editor\" data-id=\"a1bb6a2\" data-element_type=\"widget\" data-e-type=\"widget\" data-widget_type=\"text-editor.default\">\n\t\t\t\t<div class=\"elementor-widget-container\">\n\t\t\t\t\t\t\t\t\t<p>Femme des bois, femme de la lune et de la terre.<\/p>\n<p>Nina est form\u00e9 en Life Art Process\u00ae, une m\u00e9thode de th\u00e9rapie par les arts expressifs bas\u00e9s sur le mouvement et le dessin, cr\u00e9e par Anna et Daria Halprin.<\/p>\n<p>En 2015 elle a suivi une formation d\u2019accompagnement des femmes (School of Shamanic Womancraft, Ecole des Savoirs Faires Chamaniques F\u00e9minins) aupr\u00e8s d\u2019une sage-femme australienne, Jane Hardwicke Collings.<\/p>\n<p>C\u2019est aussi une maman de deux enfants, qu\u2019elle a mis au monde \u00e0 la maison,<\/p>\n<p>co-fondatrice du \u00e9co-village A\u00e9rium dans les C\u00e9vennes, ancienne infirmi\u00e8re, artiste.<br \/>La danse fait partie de sa vie depuis toute petite, pass\u00e9e par la danse classique et moderne, elle pratique depuis 15 ans les 5 Rythmes et la danse libre et expressive. Elle est passionn\u00e9e par l\u2019intelligence du corps et le potentiel de transformation par le mouvement.<\/p>\n<p>Chercheuse, curieuse, douce, et sensible.<\/p>\n<p>Elle a entam\u00e9 le chemin vers elle-m\u00eame et son authenticit\u00e9 de femme depuis plusieurs ann\u00e9es \u00e0 travers l\u2019exploration de diff\u00e9rentes pratiques psychocorporelles et chamaniques.<\/p>\n<p>Aujourd&rsquo;hui Nina facilite des stages de Respiration Alchimique, du Forum Zegg et des ateliers de danse.<\/p>\t\t\t\t\t\t\t\t<\/div>\n\t\t\t\t<\/div>\n\t\t\t\t\t<\/div>\n\t\t<\/div>\n\t\t\t\t\t<\/div>\n\t\t<\/section>\n\t\t\t\t<\/div>\n\t\t","protected":false},"excerpt":{"rendered":"<p>Nina Buret-gutknecht https:\/\/www.youtube.com\/watch?v=5vOTBgPb6C8 \u00ab\u00a0Nina, l&rsquo;ange d&rsquo;\u00c9veil de Femme, ma soeur, ma complice la femme sans qui les stages ne pourraient pas se faire avec cette qualit\u00e9 ! \u00a0\u00bb Elsa Lepescheux. Femme des bois, femme de la lune et de la terre. Nina est form\u00e9 en Life Art Process\u00ae, une m\u00e9thode [&hellip;]<\/p>\n","protected":false},"author":1,"featured_media":0,"parent":0,"menu_order":0,"comment_status":"closed","ping_status":"closed","template":"elementor_header_footer","meta":{"footnotes":""},"class_list":["post-432","page","type-page","status-publish","hentry"],"yoast_head":"<!-- This site is optimized with the Yoast SEO plugin v27.5 - https:\/\/yoast.com\/product\/yoast-seo-wordpress\/ -->\n<title>Nina Buret-Gutknecht Eveil de Femme - Stages Femmes - la dream team d&#039;\u00c9vei de femme<\/title>\n<meta name=\"description\" content=\"Pr\u00e9sentation de Nina Buret-Gutknecht Art th\u00e9rapeute et assistante d&#039;\u00c9veil de femme, elle constitue avec Elsa lepescheux la dream team d&#039; \u00c9veil de femme\" \/>\n<meta name=\"robots\" content=\"index, follow, max-snippet:-1, max-image-preview:large, max-video-preview:-1\" \/>\n<link rel=\"canonical\" href=\"https:\/\/eveil-de-femme.com\/index.php\/nina-buret-gutknecht\/\" \/>\n<meta property=\"og:locale\" content=\"fr_FR\" \/>\n<meta property=\"og:type\" content=\"article\" \/>\n<meta property=\"og:title\" content=\"Nina Buret-Gutknecht Eveil de Femme - Stages Femmes - la dream team d&#039;\u00c9vei de femme\" \/>\n<meta property=\"og:description\" content=\"Pr\u00e9sentation de Nina Buret-Gutknecht Art th\u00e9rapeute et assistante d&#039;\u00c9veil de femme, elle constitue avec Elsa lepescheux la dream team d&#039; \u00c9veil de femme\" \/>\n<meta property=\"og:url\" content=\"https:\/\/eveil-de-femme.com\/index.php\/nina-buret-gutknecht\/\" \/>\n<meta property=\"og:site_name\" content=\"Eveil de Femme - Stages Femmes\" \/>\n<meta property=\"article:publisher\" content=\"https:\/\/www.facebook.com\/Eveildefemme\/\" \/>\n<meta property=\"article:modified_time\" content=\"2022-12-22T08:58:59+00:00\" \/>\n<meta property=\"og:image\" content=\"https:\/\/eveil-de-femme.com\/wp-content\/uploads\/2019\/11\/IMG_1808.png\" \/>\n<meta name=\"twitter:card\" content=\"summary_large_image\" \/>\n<meta name=\"twitter:label1\" content=\"Dur\u00e9e de lecture estim\u00e9e\" \/>\n\t<meta name=\"twitter:data1\" content=\"2 minutes\" \/>\n<script type=\"application\/ld+json\" class=\"yoast-schema-graph\">{\"@context\":\"https:\\\/\\\/schema.org\",\"@graph\":[{\"@type\":\"WebPage\",\"@id\":\"https:\\\/\\\/eveil-de-femme.com\\\/index.php\\\/nina-buret-gutknecht\\\/\",\"url\":\"https:\\\/\\\/eveil-de-femme.com\\\/index.php\\\/nina-buret-gutknecht\\\/\",\"name\":\"Nina Buret-Gutknecht Eveil de Femme - Stages Femmes - la dream team d'\u00c9vei de femme\",\"isPartOf\":{\"@id\":\"https:\\\/\\\/eveil-de-femme.com\\\/#website\"},\"primaryImageOfPage\":{\"@id\":\"https:\\\/\\\/eveil-de-femme.com\\\/index.php\\\/nina-buret-gutknecht\\\/#primaryimage\"},\"image\":{\"@id\":\"https:\\\/\\\/eveil-de-femme.com\\\/index.php\\\/nina-buret-gutknecht\\\/#primaryimage\"},\"thumbnailUrl\":\"https:\\\/\\\/eveil-de-femme.com\\\/wp-content\\\/uploads\\\/2019\\\/11\\\/IMG_1808.png\",\"datePublished\":\"2019-11-01T18:54:07+00:00\",\"dateModified\":\"2022-12-22T08:58:59+00:00\",\"description\":\"Pr\u00e9sentation de Nina Buret-Gutknecht Art th\u00e9rapeute et assistante d'\u00c9veil de femme, elle constitue avec Elsa lepescheux la dream team d' \u00c9veil de femme\",\"breadcrumb\":{\"@id\":\"https:\\\/\\\/eveil-de-femme.com\\\/index.php\\\/nina-buret-gutknecht\\\/#breadcrumb\"},\"inLanguage\":\"fr-FR\",\"potentialAction\":[{\"@type\":\"ReadAction\",\"target\":[\"https:\\\/\\\/eveil-de-femme.com\\\/index.php\\\/nina-buret-gutknecht\\\/\"]}]},{\"@type\":\"ImageObject\",\"inLanguage\":\"fr-FR\",\"@id\":\"https:\\\/\\\/eveil-de-femme.com\\\/index.php\\\/nina-buret-gutknecht\\\/#primaryimage\",\"url\":\"https:\\\/\\\/eveil-de-femme.com\\\/wp-content\\\/uploads\\\/2019\\\/11\\\/IMG_1808.png\",\"contentUrl\":\"https:\\\/\\\/eveil-de-femme.com\\\/wp-content\\\/uploads\\\/2019\\\/11\\\/IMG_1808.png\"},{\"@type\":\"BreadcrumbList\",\"@id\":\"https:\\\/\\\/eveil-de-femme.com\\\/index.php\\\/nina-buret-gutknecht\\\/#breadcrumb\",\"itemListElement\":[{\"@type\":\"ListItem\",\"position\":1,\"name\":\"Accueil\",\"item\":\"https:\\\/\\\/eveil-de-femme.com\\\/\"},{\"@type\":\"ListItem\",\"position\":2,\"name\":\"Nina Buret-Gutknecht\"}]},{\"@type\":\"WebSite\",\"@id\":\"https:\\\/\\\/eveil-de-femme.com\\\/#website\",\"url\":\"https:\\\/\\\/eveil-de-femme.com\\\/\",\"name\":\"Eveil de Femme\",\"description\":\"Stage th\u00e9rapeutique psycho-corporelle et spirituelle\",\"publisher\":{\"@id\":\"https:\\\/\\\/eveil-de-femme.com\\\/#organization\"},\"potentialAction\":[{\"@type\":\"SearchAction\",\"target\":{\"@type\":\"EntryPoint\",\"urlTemplate\":\"https:\\\/\\\/eveil-de-femme.com\\\/?s={search_term_string}\"},\"query-input\":{\"@type\":\"PropertyValueSpecification\",\"valueRequired\":true,\"valueName\":\"search_term_string\"}}],\"inLanguage\":\"fr-FR\"},{\"@type\":\"Organization\",\"@id\":\"https:\\\/\\\/eveil-de-femme.com\\\/#organization\",\"name\":\"Eveil de femme\",\"url\":\"https:\\\/\\\/eveil-de-femme.com\\\/\",\"logo\":{\"@type\":\"ImageObject\",\"inLanguage\":\"fr-FR\",\"@id\":\"https:\\\/\\\/eveil-de-femme.com\\\/#\\\/schema\\\/logo\\\/image\\\/\",\"url\":\"\",\"contentUrl\":\"\",\"caption\":\"Eveil de femme\"},\"image\":{\"@id\":\"https:\\\/\\\/eveil-de-femme.com\\\/#\\\/schema\\\/logo\\\/image\\\/\"},\"sameAs\":[\"https:\\\/\\\/www.facebook.com\\\/Eveildefemme\\\/\",\"https:\\\/\\\/www.instagram.com\\\/eveil_de_femme\\\/\",\"https:\\\/\\\/www.youtube.com\\\/channel\\\/UCbyLerVKiNS_tqorjFt95pw\"]}]}<\/script>\n<!-- \/ Yoast SEO plugin. -->","yoast_head_json":{"title":"Nina Buret-Gutknecht Eveil de Femme - Stages Femmes - la dream team d'\u00c9vei de femme","description":"Pr\u00e9sentation de Nina Buret-Gutknecht Art th\u00e9rapeute et assistante d'\u00c9veil de femme, elle constitue avec Elsa lepescheux la dream team d' \u00c9veil de femme","robots":{"index":"index","follow":"follow","max-snippet":"max-snippet:-1","max-image-preview":"max-image-preview:large","max-video-preview":"max-video-preview:-1"},"canonical":"https:\/\/eveil-de-femme.com\/index.php\/nina-buret-gutknecht\/","og_locale":"fr_FR","og_type":"article","og_title":"Nina Buret-Gutknecht Eveil de Femme - Stages Femmes - la dream team d'\u00c9vei de femme","og_description":"Pr\u00e9sentation de Nina Buret-Gutknecht Art th\u00e9rapeute et assistante d'\u00c9veil de femme, elle constitue avec Elsa lepescheux la dream team d' \u00c9veil de femme","og_url":"https:\/\/eveil-de-femme.com\/index.php\/nina-buret-gutknecht\/","og_site_name":"Eveil de Femme - Stages Femmes","article_publisher":"https:\/\/www.facebook.com\/Eveildefemme\/","article_modified_time":"2022-12-22T08:58:59+00:00","og_image":[{"url":"https:\/\/eveil-de-femme.com\/wp-content\/uploads\/2019\/11\/IMG_1808.png","type":"","width":"","height":""}],"twitter_card":"summary_large_image","twitter_misc":{"Dur\u00e9e de lecture estim\u00e9e":"2 minutes"},"schema":{"@context":"https:\/\/schema.org","@graph":[{"@type":"WebPage","@id":"https:\/\/eveil-de-femme.com\/index.php\/nina-buret-gutknecht\/","url":"https:\/\/eveil-de-femme.com\/index.php\/nina-buret-gutknecht\/","name":"Nina Buret-Gutknecht Eveil de Femme - Stages Femmes - la dream team d'\u00c9vei de femme","isPartOf":{"@id":"https:\/\/eveil-de-femme.com\/#website"},"primaryImageOfPage":{"@id":"https:\/\/eveil-de-femme.com\/index.php\/nina-buret-gutknecht\/#primaryimage"},"image":{"@id":"https:\/\/eveil-de-femme.com\/index.php\/nina-buret-gutknecht\/#primaryimage"},"thumbnailUrl":"https:\/\/eveil-de-femme.com\/wp-content\/uploads\/2019\/11\/IMG_1808.png","datePublished":"2019-11-01T18:54:07+00:00","dateModified":"2022-12-22T08:58:59+00:00","description":"Pr\u00e9sentation de Nina Buret-Gutknecht Art th\u00e9rapeute et assistante d'\u00c9veil de femme, elle constitue avec Elsa lepescheux la dream team d' \u00c9veil de femme","breadcrumb":{"@id":"https:\/\/eveil-de-femme.com\/index.php\/nina-buret-gutknecht\/#breadcrumb"},"inLanguage":"fr-FR","potentialAction":[{"@type":"ReadAction","target":["https:\/\/eveil-de-femme.com\/index.php\/nina-buret-gutknecht\/"]}]},{"@type":"ImageObject","inLanguage":"fr-FR","@id":"https:\/\/eveil-de-femme.com\/index.php\/nina-buret-gutknecht\/#primaryimage","url":"https:\/\/eveil-de-femme.com\/wp-content\/uploads\/2019\/11\/IMG_1808.png","contentUrl":"https:\/\/eveil-de-femme.com\/wp-content\/uploads\/2019\/11\/IMG_1808.png"},{"@type":"BreadcrumbList","@id":"https:\/\/eveil-de-femme.com\/index.php\/nina-buret-gutknecht\/#breadcrumb","itemListElement":[{"@type":"ListItem","position":1,"name":"Accueil","item":"https:\/\/eveil-de-femme.com\/"},{"@type":"ListItem","position":2,"name":"Nina Buret-Gutknecht"}]},{"@type":"WebSite","@id":"https:\/\/eveil-de-femme.com\/#website","url":"https:\/\/eveil-de-femme.com\/","name":"Eveil de Femme","description":"Stage th\u00e9rapeutique psycho-corporelle et spirituelle","publisher":{"@id":"https:\/\/eveil-de-femme.com\/#organization"},"potentialAction":[{"@type":"SearchAction","target":{"@type":"EntryPoint","urlTemplate":"https:\/\/eveil-de-femme.com\/?s={search_term_string}"},"query-input":{"@type":"PropertyValueSpecification","valueRequired":true,"valueName":"search_term_string"}}],"inLanguage":"fr-FR"},{"@type":"Organization","@id":"https:\/\/eveil-de-femme.com\/#organization","name":"Eveil de femme","url":"https:\/\/eveil-de-femme.com\/","logo":{"@type":"ImageObject","inLanguage":"fr-FR","@id":"https:\/\/eveil-de-femme.com\/#\/schema\/logo\/image\/","url":"","contentUrl":"","caption":"Eveil de femme"},"image":{"@id":"https:\/\/eveil-de-femme.com\/#\/schema\/logo\/image\/"},"sameAs":["https:\/\/www.facebook.com\/Eveildefemme\/","https:\/\/www.instagram.com\/eveil_de_femme\/","https:\/\/www.youtube.com\/channel\/UCbyLerVKiNS_tqorjFt95pw"]}]}},"_links":{"self":[{"href":"https:\/\/eveil-de-femme.com\/index.php\/wp-json\/wp\/v2\/pages\/432","targetHints":{"allow":["GET"]}}],"collection":[{"href":"https:\/\/eveil-de-femme.com\/index.php\/wp-json\/wp\/v2\/pages"}],"about":[{"href":"https:\/\/eveil-de-femme.com\/index.php\/wp-json\/wp\/v2\/types\/page"}],"author":[{"embeddable":true,"href":"https:\/\/eveil-de-femme.com\/index.php\/wp-json\/wp\/v2\/users\/1"}],"replies":[{"embeddable":true,"href":"https:\/\/eveil-de-femme.com\/index.php\/wp-json\/wp\/v2\/comments?post=432"}],"version-history":[{"count":0,"href":"https:\/\/eveil-de-femme.com\/index.php\/wp-json\/wp\/v2\/pages\/432\/revisions"}],"wp:attachment":[{"href":"https:\/\/eveil-de-femme.com\/index.php\/wp-json\/wp\/v2\/media?parent=432"}],"curies":[{"name":"wp","href":"https:\/\/api.w.org\/{rel}","templated":true}]}}