{"id":417,"date":"2019-11-01T19:30:36","date_gmt":"2019-11-01T18:30:36","guid":{"rendered":"https:\/\/eveil-de-femme.com\/?page_id=417"},"modified":"2022-11-12T19:04:48","modified_gmt":"2022-11-12T18:04:48","slug":"la-dream-team-deveil-de-femme","status":"publish","type":"page","link":"https:\/\/eveil-de-femme.com\/index.php\/la-dream-team-deveil-de-femme\/","title":{"rendered":"Qui somme nous?"},"content":{"rendered":"\t\t<div data-elementor-type=\"wp-page\" data-elementor-id=\"417\" class=\"elementor elementor-417\" data-elementor-post-type=\"page\">\n\t\t\t\t\t\t<section class=\"elementor-section elementor-top-section elementor-element elementor-element-1090ee3 elementor-section-boxed elementor-section-height-default elementor-section-height-default\" data-id=\"1090ee3\" data-element_type=\"section\" data-e-type=\"section\">\n\t\t\t\t\t\t<div class=\"elementor-container elementor-column-gap-default\">\n\t\t\t\t\t<div class=\"elementor-column elementor-col-100 elementor-top-column elementor-element elementor-element-552681fa\" data-id=\"552681fa\" data-element_type=\"column\" data-e-type=\"column\">\n\t\t\t<div class=\"elementor-widget-wrap elementor-element-populated\">\n\t\t\t\t\t\t<div class=\"elementor-element elementor-element-3fb3d08 elementor-widget elementor-widget-heading\" data-id=\"3fb3d08\" data-element_type=\"widget\" data-e-type=\"widget\" data-widget_type=\"heading.default\">\n\t\t\t\t<div class=\"elementor-widget-container\">\n\t\t\t\t\t<h2 class=\"elementor-heading-title elementor-size-default\">Votre \u00e9quipe de femmes th\u00e9rapeutes<\/h2>\t\t\t\t<\/div>\n\t\t\t\t<\/div>\n\t\t\t\t\t<\/div>\n\t\t<\/div>\n\t\t\t\t\t<\/div>\n\t\t<\/section>\n\t\t\t\t<section class=\"elementor-section elementor-top-section elementor-element elementor-element-1f9aeae elementor-section-boxed elementor-section-height-default elementor-section-height-default\" data-id=\"1f9aeae\" data-element_type=\"section\" data-e-type=\"section\">\n\t\t\t\t\t\t<div class=\"elementor-container elementor-column-gap-default\">\n\t\t\t\t\t<div class=\"elementor-column elementor-col-100 elementor-top-column elementor-element elementor-element-b6c4aa0\" data-id=\"b6c4aa0\" data-element_type=\"column\" data-e-type=\"column\">\n\t\t\t<div class=\"elementor-widget-wrap elementor-element-populated\">\n\t\t\t\t\t\t<div class=\"elementor-element elementor-element-3b26552 elementor-widget elementor-widget-image\" data-id=\"3b26552\" data-element_type=\"widget\" data-e-type=\"widget\" data-widget_type=\"image.default\">\n\t\t\t\t<div class=\"elementor-widget-container\">\n\t\t\t\t\t\t\t\t\t\t\t\t\t\t\t<img decoding=\"async\" src=\"https:\/\/eveil-de-femme.com\/wp-content\/uploads\/2019\/11\/LELAN-1.png\" title=\"\" alt=\"\" loading=\"lazy\" \/>\t\t\t\t\t\t\t\t\t\t\t\t\t\t\t<\/div>\n\t\t\t\t<\/div>\n\t\t\t\t<div class=\"elementor-element elementor-element-a185d56 elementor-widget elementor-widget-image\" data-id=\"a185d56\" data-element_type=\"widget\" data-e-type=\"widget\" data-widget_type=\"image.default\">\n\t\t\t\t<div class=\"elementor-widget-container\">\n\t\t\t\t\t\t\t\t\t\t\t\t\t\t\t<img fetchpriority=\"high\" decoding=\"async\" width=\"600\" height=\"313\" src=\"https:\/\/eveil-de-femme.com\/wp-content\/uploads\/2021\/12\/1-4.jpg\" class=\"attachment-large size-large wp-image-2643\" alt=\"\" srcset=\"https:\/\/eveil-de-femme.com\/wp-content\/uploads\/2021\/12\/1-4.jpg 600w, https:\/\/eveil-de-femme.com\/wp-content\/uploads\/2021\/12\/1-4-300x157.jpg 300w\" sizes=\"(max-width: 600px) 100vw, 600px\" \/>\t\t\t\t\t\t\t\t\t\t\t\t\t\t\t<\/div>\n\t\t\t\t<\/div>\n\t\t\t\t\t<\/div>\n\t\t<\/div>\n\t\t\t\t\t<\/div>\n\t\t<\/section>\n\t\t\t\t<section class=\"elementor-section elementor-top-section elementor-element elementor-element-84a05a0 elementor-section-boxed elementor-section-height-default elementor-section-height-default\" data-id=\"84a05a0\" data-element_type=\"section\" data-e-type=\"section\">\n\t\t\t\t\t\t<div class=\"elementor-container elementor-column-gap-default\">\n\t\t\t\t\t<div class=\"elementor-column elementor-col-100 elementor-top-column elementor-element elementor-element-3eed8f5\" data-id=\"3eed8f5\" data-element_type=\"column\" data-e-type=\"column\">\n\t\t\t<div class=\"elementor-widget-wrap elementor-element-populated\">\n\t\t\t\t\t\t<div class=\"elementor-element elementor-element-3e51990 elementor-widget elementor-widget-text-editor\" data-id=\"3e51990\" data-element_type=\"widget\" data-e-type=\"widget\" data-widget_type=\"text-editor.default\">\n\t\t\t\t<div class=\"elementor-widget-container\">\n\t\t\t\t\t\t\t\t\t<p style=\"text-align: center;\"><a href=\"https:\/\/eveil-de-femme.com\/index.php\/qui-suis-je\/\"><strong>Elsa Lepescheux<\/strong><\/a> et <a href=\"https:\/\/eveil-de-femme.com\/index.php\/nina-buret-gutknecht\/\"><strong>Nina Buret-Gutknecht\u00a0<\/strong><\/a><\/p><p style=\"text-align: center;\">La dream team d&rsquo;\u00c9veil de femme&#8230;<\/p><p style=\"text-align: center;\">Venez savourer avec nous le plaisir d&rsquo;avoir un corps et un coeur de femme! Par le bia<span class=\"text_exposed_show\">is de pratiques physiques et psychiques, des partages de connaissances et d&rsquo;exp\u00e9riences, des moments de magie et de pure gr\u00e2ce, venez faire l&rsquo;exp\u00e9rience du cercle de femme de la sororit\u00e9 pour retrouver votre pleine puissance et devenir L&rsquo;H\u00c9RO\u00cfNE DE VOTRE VIE!\u2026<\/span><\/p><div class=\"text_exposed_show\"><p style=\"text-align: center;\">Nous mettons \u00e0 votre disposition nos outils de Tantra, de Coaching, de Th\u00e9rapie Psycho-Corporelle, d\u2019Art-th\u00e9rapie mais aussi et surtout notre coeur, notre bienveillance, notre \u00e9coute, notre douceur et notre exp\u00e9rience d&rsquo;exploratrices et d&rsquo;accompagnantes.<\/p><p style=\"text-align: center;\">Osez<\/p><\/div>\t\t\t\t\t\t\t\t<\/div>\n\t\t\t\t<\/div>\n\t\t\t\t<div class=\"elementor-element elementor-element-d36714a elementor-align-center elementor-widget elementor-widget-button\" data-id=\"d36714a\" data-element_type=\"widget\" data-e-type=\"widget\" data-widget_type=\"button.default\">\n\t\t\t\t<div class=\"elementor-widget-container\">\n\t\t\t\t\t\t\t\t\t<div class=\"elementor-button-wrapper\">\n\t\t\t\t\t<a class=\"elementor-button elementor-button-link elementor-size-sm\" href=\"https:\/\/eveil-de-femme.com\/index.php\/stages\/\">\n\t\t\t\t\t\t<span class=\"elementor-button-content-wrapper\">\n\t\t\t\t\t\t\t\t\t<span class=\"elementor-button-text\">En savoir plus!<\/span>\n\t\t\t\t\t<\/span>\n\t\t\t\t\t<\/a>\n\t\t\t\t<\/div>\n\t\t\t\t\t\t\t\t<\/div>\n\t\t\t\t<\/div>\n\t\t\t\t\t<\/div>\n\t\t<\/div>\n\t\t\t\t\t<\/div>\n\t\t<\/section>\n\t\t\t\t<\/div>\n\t\t","protected":false},"excerpt":{"rendered":"<p>Votre \u00e9quipe de femmes th\u00e9rapeutes Elsa Lepescheux et Nina Buret-Gutknecht\u00a0 La dream team d&rsquo;\u00c9veil de femme&#8230; Venez savourer avec nous le plaisir d&rsquo;avoir un corps et un coeur de femme! Par le biais de pratiques physiques et psychiques, des partages de connaissances et d&rsquo;exp\u00e9riences, des moments de magie et de [&hellip;]<\/p>\n","protected":false},"author":1,"featured_media":2643,"parent":0,"menu_order":0,"comment_status":"closed","ping_status":"closed","template":"elementor_header_footer","meta":{"footnotes":""},"class_list":["post-417","page","type-page","status-publish","has-post-thumbnail","hentry"],"yoast_head":"<!-- This site is optimized with the Yoast SEO plugin v27.5 - https:\/\/yoast.com\/product\/yoast-seo-wordpress\/ -->\n<title>Qui somme nous? Eveil de Femme - Stages Femmes -<\/title>\n<meta name=\"robots\" content=\"index, follow, max-snippet:-1, max-image-preview:large, max-video-preview:-1\" \/>\n<link rel=\"canonical\" href=\"https:\/\/eveil-de-femme.com\/index.php\/la-dream-team-deveil-de-femme\/\" \/>\n<meta property=\"og:locale\" content=\"fr_FR\" \/>\n<meta property=\"og:type\" content=\"article\" \/>\n<meta property=\"og:title\" content=\"Qui somme nous? Eveil de Femme - Stages Femmes -\" \/>\n<meta property=\"og:description\" content=\"Votre \u00e9quipe de femmes th\u00e9rapeutes Elsa Lepescheux et Nina Buret-Gutknecht\u00a0 La dream team d&rsquo;\u00c9veil de femme&#8230; Venez savourer avec nous le plaisir d&rsquo;avoir un corps et un coeur de femme! Par le biais de pratiques physiques et psychiques, des partages de connaissances et d&rsquo;exp\u00e9riences, des moments de magie et de [&hellip;]\" \/>\n<meta property=\"og:url\" content=\"https:\/\/eveil-de-femme.com\/index.php\/la-dream-team-deveil-de-femme\/\" \/>\n<meta property=\"og:site_name\" content=\"Eveil de Femme - Stages Femmes\" \/>\n<meta property=\"article:publisher\" content=\"https:\/\/www.facebook.com\/Eveildefemme\/\" \/>\n<meta property=\"article:modified_time\" content=\"2022-11-12T18:04:48+00:00\" \/>\n<meta property=\"og:image\" content=\"https:\/\/eveil-de-femme.com\/wp-content\/uploads\/2021\/12\/1-4.jpg\" \/>\n\t<meta property=\"og:image:width\" content=\"600\" \/>\n\t<meta property=\"og:image:height\" content=\"313\" \/>\n\t<meta property=\"og:image:type\" content=\"image\/jpeg\" \/>\n<meta name=\"twitter:card\" content=\"summary_large_image\" \/>\n<meta name=\"twitter:label1\" content=\"Dur\u00e9e de lecture estim\u00e9e\" \/>\n\t<meta name=\"twitter:data1\" content=\"1 minute\" \/>\n<script type=\"application\/ld+json\" class=\"yoast-schema-graph\">{\"@context\":\"https:\\\/\\\/schema.org\",\"@graph\":[{\"@type\":\"WebPage\",\"@id\":\"https:\\\/\\\/eveil-de-femme.com\\\/index.php\\\/la-dream-team-deveil-de-femme\\\/\",\"url\":\"https:\\\/\\\/eveil-de-femme.com\\\/index.php\\\/la-dream-team-deveil-de-femme\\\/\",\"name\":\"Qui somme nous? Eveil de Femme - Stages Femmes -\",\"isPartOf\":{\"@id\":\"https:\\\/\\\/eveil-de-femme.com\\\/#website\"},\"primaryImageOfPage\":{\"@id\":\"https:\\\/\\\/eveil-de-femme.com\\\/index.php\\\/la-dream-team-deveil-de-femme\\\/#primaryimage\"},\"image\":{\"@id\":\"https:\\\/\\\/eveil-de-femme.com\\\/index.php\\\/la-dream-team-deveil-de-femme\\\/#primaryimage\"},\"thumbnailUrl\":\"https:\\\/\\\/eveil-de-femme.com\\\/wp-content\\\/uploads\\\/2021\\\/12\\\/1-4.jpg\",\"datePublished\":\"2019-11-01T18:30:36+00:00\",\"dateModified\":\"2022-11-12T18:04:48+00:00\",\"breadcrumb\":{\"@id\":\"https:\\\/\\\/eveil-de-femme.com\\\/index.php\\\/la-dream-team-deveil-de-femme\\\/#breadcrumb\"},\"inLanguage\":\"fr-FR\",\"potentialAction\":[{\"@type\":\"ReadAction\",\"target\":[\"https:\\\/\\\/eveil-de-femme.com\\\/index.php\\\/la-dream-team-deveil-de-femme\\\/\"]}]},{\"@type\":\"ImageObject\",\"inLanguage\":\"fr-FR\",\"@id\":\"https:\\\/\\\/eveil-de-femme.com\\\/index.php\\\/la-dream-team-deveil-de-femme\\\/#primaryimage\",\"url\":\"https:\\\/\\\/eveil-de-femme.com\\\/wp-content\\\/uploads\\\/2021\\\/12\\\/1-4.jpg\",\"contentUrl\":\"https:\\\/\\\/eveil-de-femme.com\\\/wp-content\\\/uploads\\\/2021\\\/12\\\/1-4.jpg\",\"width\":600,\"height\":313},{\"@type\":\"BreadcrumbList\",\"@id\":\"https:\\\/\\\/eveil-de-femme.com\\\/index.php\\\/la-dream-team-deveil-de-femme\\\/#breadcrumb\",\"itemListElement\":[{\"@type\":\"ListItem\",\"position\":1,\"name\":\"Accueil\",\"item\":\"https:\\\/\\\/eveil-de-femme.com\\\/\"},{\"@type\":\"ListItem\",\"position\":2,\"name\":\"Qui somme nous?\"}]},{\"@type\":\"WebSite\",\"@id\":\"https:\\\/\\\/eveil-de-femme.com\\\/#website\",\"url\":\"https:\\\/\\\/eveil-de-femme.com\\\/\",\"name\":\"Eveil de Femme\",\"description\":\"Stage th\u00e9rapeutique psycho-corporelle et spirituelle\",\"publisher\":{\"@id\":\"https:\\\/\\\/eveil-de-femme.com\\\/#organization\"},\"potentialAction\":[{\"@type\":\"SearchAction\",\"target\":{\"@type\":\"EntryPoint\",\"urlTemplate\":\"https:\\\/\\\/eveil-de-femme.com\\\/?s={search_term_string}\"},\"query-input\":{\"@type\":\"PropertyValueSpecification\",\"valueRequired\":true,\"valueName\":\"search_term_string\"}}],\"inLanguage\":\"fr-FR\"},{\"@type\":\"Organization\",\"@id\":\"https:\\\/\\\/eveil-de-femme.com\\\/#organization\",\"name\":\"Eveil de femme\",\"url\":\"https:\\\/\\\/eveil-de-femme.com\\\/\",\"logo\":{\"@type\":\"ImageObject\",\"inLanguage\":\"fr-FR\",\"@id\":\"https:\\\/\\\/eveil-de-femme.com\\\/#\\\/schema\\\/logo\\\/image\\\/\",\"url\":\"\",\"contentUrl\":\"\",\"caption\":\"Eveil de femme\"},\"image\":{\"@id\":\"https:\\\/\\\/eveil-de-femme.com\\\/#\\\/schema\\\/logo\\\/image\\\/\"},\"sameAs\":[\"https:\\\/\\\/www.facebook.com\\\/Eveildefemme\\\/\",\"https:\\\/\\\/www.instagram.com\\\/eveil_de_femme\\\/\",\"https:\\\/\\\/www.youtube.com\\\/channel\\\/UCbyLerVKiNS_tqorjFt95pw\"]}]}<\/script>\n<!-- \/ Yoast SEO plugin. -->","yoast_head_json":{"title":"Qui somme nous? Eveil de Femme - Stages Femmes -","robots":{"index":"index","follow":"follow","max-snippet":"max-snippet:-1","max-image-preview":"max-image-preview:large","max-video-preview":"max-video-preview:-1"},"canonical":"https:\/\/eveil-de-femme.com\/index.php\/la-dream-team-deveil-de-femme\/","og_locale":"fr_FR","og_type":"article","og_title":"Qui somme nous? Eveil de Femme - Stages Femmes -","og_description":"Votre \u00e9quipe de femmes th\u00e9rapeutes Elsa Lepescheux et Nina Buret-Gutknecht\u00a0 La dream team d&rsquo;\u00c9veil de femme&#8230; Venez savourer avec nous le plaisir d&rsquo;avoir un corps et un coeur de femme! Par le biais de pratiques physiques et psychiques, des partages de connaissances et d&rsquo;exp\u00e9riences, des moments de magie et de [&hellip;]","og_url":"https:\/\/eveil-de-femme.com\/index.php\/la-dream-team-deveil-de-femme\/","og_site_name":"Eveil de Femme - Stages Femmes","article_publisher":"https:\/\/www.facebook.com\/Eveildefemme\/","article_modified_time":"2022-11-12T18:04:48+00:00","og_image":[{"width":600,"height":313,"url":"https:\/\/eveil-de-femme.com\/wp-content\/uploads\/2021\/12\/1-4.jpg","type":"image\/jpeg"}],"twitter_card":"summary_large_image","twitter_misc":{"Dur\u00e9e de lecture estim\u00e9e":"1 minute"},"schema":{"@context":"https:\/\/schema.org","@graph":[{"@type":"WebPage","@id":"https:\/\/eveil-de-femme.com\/index.php\/la-dream-team-deveil-de-femme\/","url":"https:\/\/eveil-de-femme.com\/index.php\/la-dream-team-deveil-de-femme\/","name":"Qui somme nous? Eveil de Femme - Stages Femmes -","isPartOf":{"@id":"https:\/\/eveil-de-femme.com\/#website"},"primaryImageOfPage":{"@id":"https:\/\/eveil-de-femme.com\/index.php\/la-dream-team-deveil-de-femme\/#primaryimage"},"image":{"@id":"https:\/\/eveil-de-femme.com\/index.php\/la-dream-team-deveil-de-femme\/#primaryimage"},"thumbnailUrl":"https:\/\/eveil-de-femme.com\/wp-content\/uploads\/2021\/12\/1-4.jpg","datePublished":"2019-11-01T18:30:36+00:00","dateModified":"2022-11-12T18:04:48+00:00","breadcrumb":{"@id":"https:\/\/eveil-de-femme.com\/index.php\/la-dream-team-deveil-de-femme\/#breadcrumb"},"inLanguage":"fr-FR","potentialAction":[{"@type":"ReadAction","target":["https:\/\/eveil-de-femme.com\/index.php\/la-dream-team-deveil-de-femme\/"]}]},{"@type":"ImageObject","inLanguage":"fr-FR","@id":"https:\/\/eveil-de-femme.com\/index.php\/la-dream-team-deveil-de-femme\/#primaryimage","url":"https:\/\/eveil-de-femme.com\/wp-content\/uploads\/2021\/12\/1-4.jpg","contentUrl":"https:\/\/eveil-de-femme.com\/wp-content\/uploads\/2021\/12\/1-4.jpg","width":600,"height":313},{"@type":"BreadcrumbList","@id":"https:\/\/eveil-de-femme.com\/index.php\/la-dream-team-deveil-de-femme\/#breadcrumb","itemListElement":[{"@type":"ListItem","position":1,"name":"Accueil","item":"https:\/\/eveil-de-femme.com\/"},{"@type":"ListItem","position":2,"name":"Qui somme nous?"}]},{"@type":"WebSite","@id":"https:\/\/eveil-de-femme.com\/#website","url":"https:\/\/eveil-de-femme.com\/","name":"Eveil de Femme","description":"Stage th\u00e9rapeutique psycho-corporelle et spirituelle","publisher":{"@id":"https:\/\/eveil-de-femme.com\/#organization"},"potentialAction":[{"@type":"SearchAction","target":{"@type":"EntryPoint","urlTemplate":"https:\/\/eveil-de-femme.com\/?s={search_term_string}"},"query-input":{"@type":"PropertyValueSpecification","valueRequired":true,"valueName":"search_term_string"}}],"inLanguage":"fr-FR"},{"@type":"Organization","@id":"https:\/\/eveil-de-femme.com\/#organization","name":"Eveil de femme","url":"https:\/\/eveil-de-femme.com\/","logo":{"@type":"ImageObject","inLanguage":"fr-FR","@id":"https:\/\/eveil-de-femme.com\/#\/schema\/logo\/image\/","url":"","contentUrl":"","caption":"Eveil de femme"},"image":{"@id":"https:\/\/eveil-de-femme.com\/#\/schema\/logo\/image\/"},"sameAs":["https:\/\/www.facebook.com\/Eveildefemme\/","https:\/\/www.instagram.com\/eveil_de_femme\/","https:\/\/www.youtube.com\/channel\/UCbyLerVKiNS_tqorjFt95pw"]}]}},"_links":{"self":[{"href":"https:\/\/eveil-de-femme.com\/index.php\/wp-json\/wp\/v2\/pages\/417","targetHints":{"allow":["GET"]}}],"collection":[{"href":"https:\/\/eveil-de-femme.com\/index.php\/wp-json\/wp\/v2\/pages"}],"about":[{"href":"https:\/\/eveil-de-femme.com\/index.php\/wp-json\/wp\/v2\/types\/page"}],"author":[{"embeddable":true,"href":"https:\/\/eveil-de-femme.com\/index.php\/wp-json\/wp\/v2\/users\/1"}],"replies":[{"embeddable":true,"href":"https:\/\/eveil-de-femme.com\/index.php\/wp-json\/wp\/v2\/comments?post=417"}],"version-history":[{"count":0,"href":"https:\/\/eveil-de-femme.com\/index.php\/wp-json\/wp\/v2\/pages\/417\/revisions"}],"wp:featuredmedia":[{"embeddable":true,"href":"https:\/\/eveil-de-femme.com\/index.php\/wp-json\/wp\/v2\/media\/2643"}],"wp:attachment":[{"href":"https:\/\/eveil-de-femme.com\/index.php\/wp-json\/wp\/v2\/media?parent=417"}],"curies":[{"name":"wp","href":"https:\/\/api.w.org\/{rel}","templated":true}]}}