{"id":3981,"date":"2023-11-12T12:10:36","date_gmt":"2023-11-12T11:10:36","guid":{"rendered":"https:\/\/eveil-de-femme.com\/?page_id=3981"},"modified":"2025-11-02T18:09:54","modified_gmt":"2025-11-02T17:09:54","slug":"femme-alchimie","status":"publish","type":"page","link":"https:\/\/eveil-de-femme.com\/index.php\/femme-alchimie\/","title":{"rendered":"Femme Alchimique"},"content":{"rendered":"\t\t<div data-elementor-type=\"wp-page\" data-elementor-id=\"3981\" class=\"elementor elementor-3981\" data-elementor-post-type=\"page\">\n\t\t\t\t\t\t<section class=\"elementor-section elementor-top-section elementor-element elementor-element-02f78cf elementor-section-boxed elementor-section-height-default elementor-section-height-default\" data-id=\"02f78cf\" data-element_type=\"section\" data-e-type=\"section\">\n\t\t\t\t\t\t<div class=\"elementor-container elementor-column-gap-default\">\n\t\t\t\t\t<div class=\"elementor-column elementor-col-100 elementor-top-column elementor-element elementor-element-1f476fc\" data-id=\"1f476fc\" data-element_type=\"column\" data-e-type=\"column\">\n\t\t\t<div class=\"elementor-widget-wrap elementor-element-populated\">\n\t\t\t\t\t\t<div class=\"elementor-element elementor-element-9855394 elementor-widget elementor-widget-image\" data-id=\"9855394\" data-element_type=\"widget\" data-e-type=\"widget\" data-widget_type=\"image.default\">\n\t\t\t\t<div class=\"elementor-widget-container\">\n\t\t\t\t\t\t\t\t\t\t\t\t\t\t\t<img fetchpriority=\"high\" decoding=\"async\" width=\"750\" height=\"285\" src=\"https:\/\/eveil-de-femme.com\/wp-content\/uploads\/2025\/10\/3-4-768x292.png\" class=\"attachment-medium_large size-medium_large wp-image-4594\" alt=\"\" srcset=\"https:\/\/eveil-de-femme.com\/wp-content\/uploads\/2025\/10\/3-4-768x292.png 768w, https:\/\/eveil-de-femme.com\/wp-content\/uploads\/2025\/10\/3-4-300x114.png 300w, https:\/\/eveil-de-femme.com\/wp-content\/uploads\/2025\/10\/3-4-1024x390.png 1024w, https:\/\/eveil-de-femme.com\/wp-content\/uploads\/2025\/10\/3-4.png 1230w\" sizes=\"(max-width: 750px) 100vw, 750px\" \/>\t\t\t\t\t\t\t\t\t\t\t\t\t\t\t<\/div>\n\t\t\t\t<\/div>\n\t\t\t\t<div class=\"elementor-element elementor-element-7294482 elementor-widget elementor-widget-heading\" data-id=\"7294482\" data-element_type=\"widget\" data-e-type=\"widget\" data-widget_type=\"heading.default\">\n\t\t\t\t<div class=\"elementor-widget-container\">\n\t\t\t\t\t<h1 class=\"elementor-heading-title elementor-size-default\">Femme Alchimique<\/h1>\t\t\t\t<\/div>\n\t\t\t\t<\/div>\n\t\t\t\t\t<\/div>\n\t\t<\/div>\n\t\t\t\t\t<\/div>\n\t\t<\/section>\n\t\t\t\t<section class=\"elementor-section elementor-top-section elementor-element elementor-element-4e4169e elementor-section-boxed elementor-section-height-default elementor-section-height-default\" data-id=\"4e4169e\" data-element_type=\"section\" data-e-type=\"section\">\n\t\t\t\t\t\t<div class=\"elementor-container elementor-column-gap-default\">\n\t\t\t\t\t<div class=\"elementor-column elementor-col-100 elementor-top-column elementor-element elementor-element-54f4f90\" data-id=\"54f4f90\" data-element_type=\"column\" data-e-type=\"column\">\n\t\t\t<div class=\"elementor-widget-wrap elementor-element-populated\">\n\t\t\t\t\t\t<div class=\"elementor-element elementor-element-e077f74 elementor-widget elementor-widget-text-editor\" data-id=\"e077f74\" data-element_type=\"widget\" data-e-type=\"widget\" data-widget_type=\"text-editor.default\">\n\t\t\t\t<div class=\"elementor-widget-container\">\n\t\t\t\t\t\t\t\t\t<p>Int\u00e9gration et Alliance du Principe Masculin<\/p><h3>Pour \u00eatre une femme compl\u00e8te, libre et \u00e9panouie<\/h3><hr \/><h2>Un voyage vers l\u2019unit\u00e9 int\u00e9rieure<\/h2><p>Ce troisi\u00e8me stage du cursus <strong><em>M\u00e9tamorphose \u2013 \u00c9veil de Femme<\/em><\/strong> est une <strong>\u00e9tape cl\u00e9 de transformation<\/strong>.<br \/>Apr\u00e8s avoir explor\u00e9 la profondeur du f\u00e9minin, il vous invite \u00e0 rencontrer une force tout aussi essentielle : <strong>le principe masculin int\u00e9rieur<\/strong>, aussi appel\u00e9 <strong>Animus<\/strong> selon les travaux de Carl Gustav Jung.<\/p><p>Cette dimension de notre psych\u00e9, souvent inconsciente, agit dans l\u2019ombre.<br \/>Elle peut se manifester sous forme de contr\u00f4le, de rigidit\u00e9, d\u2019exigence ou de lutte int\u00e9rieure.<br \/>Mais lorsqu\u2019elle est reconnue, int\u00e9gr\u00e9e et pacifi\u00e9e, elle devient une <strong>\u00e9nergie d\u2019ancrage, de clart\u00e9, de s\u00e9curit\u00e9 et de puissance aimante<\/strong>.<\/p><hr \/><h2>Comprendre l\u2019h\u00e9ritage du f\u00e9minin moderne<\/h2><p>Au fil des d\u00e9cennies, dans leur qu\u00eate d\u2019\u00e9mancipation, de nombreuses femmes ont puis\u00e9 dans leur \u00e9nergie masculine pour s\u2019affirmer, r\u00e9ussir et se faire entendre.<br \/>Elles ont, souvent sans s\u2019en rendre compte, <strong>adopt\u00e9 les codes de la performance et du contr\u00f4le<\/strong>, pensant que c\u2019\u00e9tait la voie de la libert\u00e9.<\/p><p>Mais derri\u00e8re cette force apparente se cache parfois une <strong>fatigue profonde<\/strong>, une <strong>perte de sens<\/strong> ou un \u00e9loignement du f\u00e9minin essentiel \u2014 celui de la douceur, de la fluidit\u00e9, de la r\u00e9ceptivit\u00e9 et du rayonnement int\u00e9rieur.<\/p><p>Dans cette exploration, nous d\u00e9couvrons que subsiste en nous un <strong>patriarche int\u00e9rieur<\/strong>, un Animus archa\u00efque nourri de si\u00e8cles de conditionnements.<br \/>C\u2019est lui qui, dans l\u2019ombre, continue d\u2019influencer nos choix, nos relations, et notre rapport \u00e0 l\u2019amour et \u00e0 la s\u00e9curit\u00e9.<\/p><hr \/><h2>Retrouver l\u2019alliance int\u00e9rieure<\/h2><p>Ce stage vous invite \u00e0 une <strong>rencontre profonde<\/strong> avec votre masculin int\u00e9rieur, non pas pour le rejeter, mais pour le <strong>r\u00e9concilier<\/strong>.<br \/>Quand le masculin devient <strong>soutien<\/strong> au lieu d\u2019opposition, la femme retrouve une <strong>stabilit\u00e9 int\u00e9rieure<\/strong>.<br \/>Elle agit depuis un lieu d\u2019\u00e9quilibre, o\u00f9 force et vuln\u00e9rabilit\u00e9 coexistent dans une m\u00eame danse.<\/p><p>Vous apprendrez \u00e0 :<\/p><ul><li><h4>Identifier et transformer les sch\u00e9mas de lutte ou de contr\u00f4le.<\/h4><\/li><li><h4>Renouer avec une puissance ancr\u00e9e, protectrice et bienveillante.<\/h4><\/li><li><h4>Go\u00fbter \u00e0 la paix int\u00e9rieure n\u00e9e de l\u2019union du f\u00e9minin et du masculin.<\/h4><\/li><\/ul><hr \/><h2>Le couple sacr\u00e9 int\u00e9rieur<\/h2><p>Sur ce chemin, la femme d\u00e9couvre en elle le <strong>couple sacr\u00e9 int\u00e9rieur<\/strong> \u2014 l\u2019union vivante de ses deux polarit\u00e9s.<br \/>De cette rencontre na\u00eet une <strong>f\u00e9minit\u00e9 \u00e9panouie<\/strong>, libre et rayonnante.<br \/>Une femme en paix avec elle-m\u00eame rayonne naturellement cette paix dans ses relations et dans le monde.<\/p><blockquote><p>\u00ab Quand la femme r\u00e9concilie en elle son masculin, elle cesse de lutter.<br \/>Elle devient enti\u00e8re, aimante et souveraine. \u00bb<\/p><p>Elsa Lepescheux<\/p><\/blockquote><hr \/><h2>Pour qui ?<\/h2><p>Ce stage est <strong>ouvert \u00e0 toutes les femmes<\/strong> qui souhaitent :<br \/>Retrouver leur s\u00e9curit\u00e9 int\u00e9rieure.<br \/>\u00a0Se lib\u00e9rer de la guerre int\u00e9rieure entre action et l\u00e2cher-prise.<br \/>Comprendre et transformer leurs sch\u00e9mas relationnels.<br \/>Int\u00e9grer une puissance tranquille, au service du c\u0153ur.<\/p><hr \/><h2>Un espace de transformation profonde<\/h2><p>Durant ces quelques jours, vous serez guid\u00e9e dans un <strong>voyage int\u00e9rieur et corporel<\/strong>, \u00e0 travers :<\/p><ul><li><p>des explorations de mouvement et de respiration,<\/p><\/li><li><p>des rituels symboliques,<\/p><\/li><li><p>des temps d\u2019introspection et de partage,<\/p><\/li><li><p>des espaces de reconnexion \u00e0 votre essence.<\/p><\/li><\/ul><p>Un cadre bienveillant, soutenu et sacr\u00e9, pour laisser \u00e9merger <strong>votre bon masculin int\u00e9rieur<\/strong>, celui qui prot\u00e8ge, structure et honore votre f\u00e9minin.<\/p><hr \/><h2>Osez l\u2019alliance<\/h2><p>Ce stage est une <strong>porte vers la compl\u00e9tude<\/strong>.<br \/>Vers une vie o\u00f9 la force et la douceur s\u2019unissent,<br \/>o\u00f9 la femme cesse de se battre pour simplement <strong>\u00eatre<\/strong>.<\/p><blockquote><p>Rejoignez ce voyage int\u00e9rieur vers la paix, l\u2019amour et la libert\u00e9 d\u2019\u00eatre pleinement femme.\u00a0<\/p><\/blockquote>\t\t\t\t\t\t\t\t<\/div>\n\t\t\t\t<\/div>\n\t\t\t\t<div class=\"elementor-element elementor-element-654705f elementor-widget elementor-widget-heading\" data-id=\"654705f\" data-element_type=\"widget\" data-e-type=\"widget\" data-widget_type=\"heading.default\">\n\t\t\t\t<div class=\"elementor-widget-container\">\n\t\t\t\t\t<h2 class=\"elementor-heading-title elementor-size-default\"><span style=\"text-align: center\">Th\u00e8mes abord\u00e9s pendant ce stage<\/span><\/h2>\t\t\t\t<\/div>\n\t\t\t\t<\/div>\n\t\t\t\t\t<\/div>\n\t\t<\/div>\n\t\t\t\t\t<\/div>\n\t\t<\/section>\n\t\t\t\t<section class=\"elementor-section elementor-top-section elementor-element elementor-element-bcbd08b elementor-section-boxed elementor-section-height-default elementor-section-height-default\" data-id=\"bcbd08b\" data-element_type=\"section\" data-e-type=\"section\">\n\t\t\t\t\t\t<div class=\"elementor-container elementor-column-gap-default\">\n\t\t\t\t\t<div class=\"elementor-column elementor-col-50 elementor-top-column elementor-element elementor-element-f0c8f0c\" data-id=\"f0c8f0c\" data-element_type=\"column\" data-e-type=\"column\">\n\t\t\t<div class=\"elementor-widget-wrap elementor-element-populated\">\n\t\t\t\t\t\t<div class=\"elementor-element elementor-element-41507ba elementor-widget elementor-widget-text-editor\" data-id=\"41507ba\" data-element_type=\"widget\" data-e-type=\"widget\" data-widget_type=\"text-editor.default\">\n\t\t\t\t<div class=\"elementor-widget-container\">\n\t\t\t\t\t\t\t\t\t<h5><strong>La guerre des sexe\/ le patriarcat \/ La puissance du f\u00e9minin incarn\u00e9<\/strong><\/h5><ul><li>Explication et identification de L&rsquo;animus (la part cach\u00e9e inconscient de la femme)<\/li><li>Visite du principe f\u00e9minin, du principe masculin, \u00e9nergie yin yang<\/li><li>La sexualit\u00e9 (ce qui se cache et qui nous emp\u00eache de nous \u00e9panouir)<\/li><li>Le bon masculin et le couple int\u00e9rieur<\/li><li>La relation aux Hommes<\/li><li>L&rsquo;archetype du p\u00e8re \/ travail sur la lign\u00e9e paternelle<\/li><li>M\u00e9diation \/ Danse<\/li><\/ul>\t\t\t\t\t\t\t\t<\/div>\n\t\t\t\t<\/div>\n\t\t\t\t<div class=\"elementor-element elementor-element-a1ac8c4 elementor-widget elementor-widget-button\" data-id=\"a1ac8c4\" data-element_type=\"widget\" data-e-type=\"widget\" data-widget_type=\"button.default\">\n\t\t\t\t<div class=\"elementor-widget-container\">\n\t\t\t\t\t\t\t\t\t<div class=\"elementor-button-wrapper\">\n\t\t\t\t\t<a class=\"elementor-button elementor-button-link elementor-size-sm\" href=\"https:\/\/eveil-de-femme.com\/index.php\/calendrier-tarif\/\" target=\"_blank\">\n\t\t\t\t\t\t<span class=\"elementor-button-content-wrapper\">\n\t\t\t\t\t\t\t\t\t<span class=\"elementor-button-text\">calendriers des stages<\/span>\n\t\t\t\t\t<\/span>\n\t\t\t\t\t<\/a>\n\t\t\t\t<\/div>\n\t\t\t\t\t\t\t\t<\/div>\n\t\t\t\t<\/div>\n\t\t\t\t\t<\/div>\n\t\t<\/div>\n\t\t\t\t<div class=\"elementor-column elementor-col-50 elementor-top-column elementor-element elementor-element-2c2ac43\" data-id=\"2c2ac43\" data-element_type=\"column\" data-e-type=\"column\">\n\t\t\t<div class=\"elementor-widget-wrap elementor-element-populated\">\n\t\t\t\t\t\t<div class=\"elementor-element elementor-element-e6053ad elementor-widget elementor-widget-image\" data-id=\"e6053ad\" data-element_type=\"widget\" data-e-type=\"widget\" data-widget_type=\"image.default\">\n\t\t\t\t<div class=\"elementor-widget-container\">\n\t\t\t\t\t\t\t\t\t\t\t\t\t\t\t<img decoding=\"async\" src=\"https:\/\/eveil-de-femme.com\/wp-content\/uploads\/2024\/02\/Design-sans-titre-5.png\" title=\"\" alt=\"\" loading=\"lazy\" \/>\t\t\t\t\t\t\t\t\t\t\t\t\t\t\t<\/div>\n\t\t\t\t<\/div>\n\t\t\t\t\t<\/div>\n\t\t<\/div>\n\t\t\t\t\t<\/div>\n\t\t<\/section>\n\t\t\t\t<section class=\"elementor-section elementor-top-section elementor-element elementor-element-7631632 elementor-section-boxed elementor-section-height-default elementor-section-height-default\" data-id=\"7631632\" data-element_type=\"section\" data-e-type=\"section\">\n\t\t\t\t\t\t<div class=\"elementor-container elementor-column-gap-default\">\n\t\t\t\t\t<div class=\"elementor-column elementor-col-100 elementor-top-column elementor-element elementor-element-41c7f1c\" data-id=\"41c7f1c\" data-element_type=\"column\" data-e-type=\"column\">\n\t\t\t<div class=\"elementor-widget-wrap elementor-element-populated\">\n\t\t\t\t\t\t<div class=\"elementor-element elementor-element-3bd4b60 elementor-widget elementor-widget-text-editor\" data-id=\"3bd4b60\" data-element_type=\"widget\" data-e-type=\"widget\" data-widget_type=\"text-editor.default\">\n\t\t\t\t<div class=\"elementor-widget-container\">\n\t\t\t\t\t\t\t\t\t<h1>\ud83c\udf3f D\u00e9tails pratiquo-pratiques<\/h1><p><strong>\ud83d\udccd Lieu<\/strong><br \/>Les retraites se d\u00e9roulent au <strong>Domaine de la Poti\u00e8re<\/strong>, \u00e0 30 minutes de la gare <strong>Valence TGV<\/strong>.<br \/>(L\u2019adresse compl\u00e8te vous sera communiqu\u00e9e avant le d\u00e9part.)<\/p><hr \/><p><strong>\ud83d\udcb0 Tarif<\/strong><\/p><ul><li><p>Animation : <strong>380 \u20ac<\/strong><\/p><\/li><li><p>H\u00e9bergement et pension compl\u00e8te : <strong>234 \u20ac<\/strong><br \/>\u27a1\ufe0f <strong>Total : 614 \u20ac tout compris<\/strong><\/p><\/li><\/ul><p>La partie <em>animation<\/em> peut \u00eatre r\u00e9gl\u00e9e en <strong>deux ou trois fois<\/strong>.<br \/>La partie <em>h\u00e9bergement<\/em> est \u00e0 <strong>r\u00e9gler sur place dans sa totalit\u00e9<\/strong>.<\/p><hr \/><p><strong>\ud83d\udd53 D\u00e9roulement du stage<\/strong><br \/>Les horaires s\u2019adaptent toujours \u00e0 l\u2019\u00e9nergie du groupe, mais \u00e0 titre indicatif :<\/p><ul><li><p><strong>D\u00e9but<\/strong> : premier jour \u00e0 <strong>16h<\/strong><\/p><\/li><li><p><strong>Fin<\/strong> : dernier jour \u00e0 <strong>13h<\/strong><\/p><\/li><\/ul><hr \/><p><strong>\ud83e\udeb7 R\u00e9servation<\/strong><br \/>Votre inscription sera confirm\u00e9e \u00e0 la r\u00e9ception d\u2019un <strong>acompte de 150 \u20ac<\/strong> (par ch\u00e8que ou virement).<\/p><p>Environ <strong>15 jours avant la retraite<\/strong>, vous recevrez :<\/p><ul><li><p>la <strong>liste des participantes<\/strong> (pour faciliter le covoiturage),<\/p><\/li><li><p>les <strong>informations pratiques<\/strong> (ce qu\u2019il faut apporter, d\u00e9tails du trajet, etc.).<\/p><\/li><\/ul><p>Un <strong>covoiturage<\/strong> est organis\u00e9 \u00e0 partir de <strong>Valence TGV<\/strong> : les participantes arrivant en train sont prises en charge par celles venant en voiture pour monter ensemble au Domaine de la Poti\u00e8re.<\/p><hr \/>\t\t\t\t\t\t\t\t<\/div>\n\t\t\t\t<\/div>\n\t\t\t\t<div class=\"elementor-element elementor-element-3315bf7 elementor-align-center elementor-widget elementor-widget-button\" data-id=\"3315bf7\" data-element_type=\"widget\" data-e-type=\"widget\" data-widget_type=\"button.default\">\n\t\t\t\t<div class=\"elementor-widget-container\">\n\t\t\t\t\t\t\t\t\t<div class=\"elementor-button-wrapper\">\n\t\t\t\t\t<a class=\"elementor-button elementor-button-link elementor-size-sm\" href=\"https:\/\/eveil-de-femme.com\/index.php\/contact-inscription\/\">\n\t\t\t\t\t\t<span class=\"elementor-button-content-wrapper\">\n\t\t\t\t\t\t\t\t\t<span class=\"elementor-button-text\">S'inscrire <\/span>\n\t\t\t\t\t<\/span>\n\t\t\t\t\t<\/a>\n\t\t\t\t<\/div>\n\t\t\t\t\t\t\t\t<\/div>\n\t\t\t\t<\/div>\n\t\t\t\t\t<\/div>\n\t\t<\/div>\n\t\t\t\t\t<\/div>\n\t\t<\/section>\n\t\t\t\t<\/div>\n\t\t","protected":false},"excerpt":{"rendered":"<p>Femme Alchimique Int\u00e9gration et Alliance du Principe Masculin Pour \u00eatre une femme compl\u00e8te, libre et \u00e9panouie Un voyage vers l\u2019unit\u00e9 int\u00e9rieure Ce troisi\u00e8me stage du cursus M\u00e9tamorphose \u2013 \u00c9veil de Femme est une \u00e9tape cl\u00e9 de transformation.Apr\u00e8s avoir explor\u00e9 la profondeur du f\u00e9minin, il vous invite \u00e0 rencontrer une force [&hellip;]<\/p>\n","protected":false},"author":1,"featured_media":4566,"parent":0,"menu_order":0,"comment_status":"closed","ping_status":"closed","template":"elementor_header_footer","meta":{"footnotes":""},"class_list":["post-3981","page","type-page","status-publish","has-post-thumbnail","hentry"],"yoast_head":"<!-- This site is optimized with the Yoast SEO plugin v27.5 - https:\/\/yoast.com\/product\/yoast-seo-wordpress\/ -->\n<title>Femme Alchimique Eveil de Femme - Stages Femmes -<\/title>\n<meta name=\"robots\" content=\"index, follow, max-snippet:-1, max-image-preview:large, max-video-preview:-1\" \/>\n<link rel=\"canonical\" href=\"https:\/\/eveil-de-femme.com\/index.php\/femme-alchimie\/\" \/>\n<meta property=\"og:locale\" content=\"fr_FR\" \/>\n<meta property=\"og:type\" content=\"article\" \/>\n<meta property=\"og:title\" content=\"Femme Alchimique Eveil de Femme - Stages Femmes -\" \/>\n<meta property=\"og:description\" content=\"Femme Alchimique Int\u00e9gration et Alliance du Principe Masculin Pour \u00eatre une femme compl\u00e8te, libre et \u00e9panouie Un voyage vers l\u2019unit\u00e9 int\u00e9rieure Ce troisi\u00e8me stage du cursus M\u00e9tamorphose \u2013 \u00c9veil de Femme est une \u00e9tape cl\u00e9 de transformation.Apr\u00e8s avoir explor\u00e9 la profondeur du f\u00e9minin, il vous invite \u00e0 rencontrer une force [&hellip;]\" \/>\n<meta property=\"og:url\" content=\"https:\/\/eveil-de-femme.com\/index.php\/femme-alchimie\/\" \/>\n<meta property=\"og:site_name\" content=\"Eveil de Femme - Stages Femmes\" \/>\n<meta property=\"article:publisher\" content=\"https:\/\/www.facebook.com\/Eveildefemme\/\" \/>\n<meta property=\"article:modified_time\" content=\"2025-11-02T17:09:54+00:00\" \/>\n<meta property=\"og:image\" content=\"https:\/\/eveil-de-femme.com\/wp-content\/uploads\/2025\/10\/3-3.png\" \/>\n\t<meta property=\"og:image:width\" content=\"450\" \/>\n\t<meta property=\"og:image:height\" content=\"450\" \/>\n\t<meta property=\"og:image:type\" content=\"image\/png\" \/>\n<meta name=\"twitter:card\" content=\"summary_large_image\" \/>\n<meta name=\"twitter:label1\" content=\"Dur\u00e9e de lecture estim\u00e9e\" \/>\n\t<meta name=\"twitter:data1\" content=\"5 minutes\" \/>\n<script type=\"application\/ld+json\" class=\"yoast-schema-graph\">{\"@context\":\"https:\\\/\\\/schema.org\",\"@graph\":[{\"@type\":\"WebPage\",\"@id\":\"https:\\\/\\\/eveil-de-femme.com\\\/index.php\\\/femme-alchimie\\\/\",\"url\":\"https:\\\/\\\/eveil-de-femme.com\\\/index.php\\\/femme-alchimie\\\/\",\"name\":\"Femme Alchimique Eveil de Femme - Stages Femmes -\",\"isPartOf\":{\"@id\":\"https:\\\/\\\/eveil-de-femme.com\\\/#website\"},\"primaryImageOfPage\":{\"@id\":\"https:\\\/\\\/eveil-de-femme.com\\\/index.php\\\/femme-alchimie\\\/#primaryimage\"},\"image\":{\"@id\":\"https:\\\/\\\/eveil-de-femme.com\\\/index.php\\\/femme-alchimie\\\/#primaryimage\"},\"thumbnailUrl\":\"https:\\\/\\\/eveil-de-femme.com\\\/wp-content\\\/uploads\\\/2025\\\/10\\\/3-3.png\",\"datePublished\":\"2023-11-12T11:10:36+00:00\",\"dateModified\":\"2025-11-02T17:09:54+00:00\",\"breadcrumb\":{\"@id\":\"https:\\\/\\\/eveil-de-femme.com\\\/index.php\\\/femme-alchimie\\\/#breadcrumb\"},\"inLanguage\":\"fr-FR\",\"potentialAction\":[{\"@type\":\"ReadAction\",\"target\":[\"https:\\\/\\\/eveil-de-femme.com\\\/index.php\\\/femme-alchimie\\\/\"]}]},{\"@type\":\"ImageObject\",\"inLanguage\":\"fr-FR\",\"@id\":\"https:\\\/\\\/eveil-de-femme.com\\\/index.php\\\/femme-alchimie\\\/#primaryimage\",\"url\":\"https:\\\/\\\/eveil-de-femme.com\\\/wp-content\\\/uploads\\\/2025\\\/10\\\/3-3.png\",\"contentUrl\":\"https:\\\/\\\/eveil-de-femme.com\\\/wp-content\\\/uploads\\\/2025\\\/10\\\/3-3.png\",\"width\":450,\"height\":450},{\"@type\":\"BreadcrumbList\",\"@id\":\"https:\\\/\\\/eveil-de-femme.com\\\/index.php\\\/femme-alchimie\\\/#breadcrumb\",\"itemListElement\":[{\"@type\":\"ListItem\",\"position\":1,\"name\":\"Accueil\",\"item\":\"https:\\\/\\\/eveil-de-femme.com\\\/\"},{\"@type\":\"ListItem\",\"position\":2,\"name\":\"Femme Alchimique\"}]},{\"@type\":\"WebSite\",\"@id\":\"https:\\\/\\\/eveil-de-femme.com\\\/#website\",\"url\":\"https:\\\/\\\/eveil-de-femme.com\\\/\",\"name\":\"Eveil de Femme\",\"description\":\"Stage th\u00e9rapeutique psycho-corporelle et spirituelle\",\"publisher\":{\"@id\":\"https:\\\/\\\/eveil-de-femme.com\\\/#organization\"},\"potentialAction\":[{\"@type\":\"SearchAction\",\"target\":{\"@type\":\"EntryPoint\",\"urlTemplate\":\"https:\\\/\\\/eveil-de-femme.com\\\/?s={search_term_string}\"},\"query-input\":{\"@type\":\"PropertyValueSpecification\",\"valueRequired\":true,\"valueName\":\"search_term_string\"}}],\"inLanguage\":\"fr-FR\"},{\"@type\":\"Organization\",\"@id\":\"https:\\\/\\\/eveil-de-femme.com\\\/#organization\",\"name\":\"Eveil de femme\",\"url\":\"https:\\\/\\\/eveil-de-femme.com\\\/\",\"logo\":{\"@type\":\"ImageObject\",\"inLanguage\":\"fr-FR\",\"@id\":\"https:\\\/\\\/eveil-de-femme.com\\\/#\\\/schema\\\/logo\\\/image\\\/\",\"url\":\"\",\"contentUrl\":\"\",\"caption\":\"Eveil de femme\"},\"image\":{\"@id\":\"https:\\\/\\\/eveil-de-femme.com\\\/#\\\/schema\\\/logo\\\/image\\\/\"},\"sameAs\":[\"https:\\\/\\\/www.facebook.com\\\/Eveildefemme\\\/\",\"https:\\\/\\\/www.instagram.com\\\/eveil_de_femme\\\/\",\"https:\\\/\\\/www.youtube.com\\\/channel\\\/UCbyLerVKiNS_tqorjFt95pw\"]}]}<\/script>\n<!-- \/ Yoast SEO plugin. -->","yoast_head_json":{"title":"Femme Alchimique Eveil de Femme - Stages Femmes -","robots":{"index":"index","follow":"follow","max-snippet":"max-snippet:-1","max-image-preview":"max-image-preview:large","max-video-preview":"max-video-preview:-1"},"canonical":"https:\/\/eveil-de-femme.com\/index.php\/femme-alchimie\/","og_locale":"fr_FR","og_type":"article","og_title":"Femme Alchimique Eveil de Femme - Stages Femmes -","og_description":"Femme Alchimique Int\u00e9gration et Alliance du Principe Masculin Pour \u00eatre une femme compl\u00e8te, libre et \u00e9panouie Un voyage vers l\u2019unit\u00e9 int\u00e9rieure Ce troisi\u00e8me stage du cursus M\u00e9tamorphose \u2013 \u00c9veil de Femme est une \u00e9tape cl\u00e9 de transformation.Apr\u00e8s avoir explor\u00e9 la profondeur du f\u00e9minin, il vous invite \u00e0 rencontrer une force [&hellip;]","og_url":"https:\/\/eveil-de-femme.com\/index.php\/femme-alchimie\/","og_site_name":"Eveil de Femme - Stages Femmes","article_publisher":"https:\/\/www.facebook.com\/Eveildefemme\/","article_modified_time":"2025-11-02T17:09:54+00:00","og_image":[{"width":450,"height":450,"url":"https:\/\/eveil-de-femme.com\/wp-content\/uploads\/2025\/10\/3-3.png","type":"image\/png"}],"twitter_card":"summary_large_image","twitter_misc":{"Dur\u00e9e de lecture estim\u00e9e":"5 minutes"},"schema":{"@context":"https:\/\/schema.org","@graph":[{"@type":"WebPage","@id":"https:\/\/eveil-de-femme.com\/index.php\/femme-alchimie\/","url":"https:\/\/eveil-de-femme.com\/index.php\/femme-alchimie\/","name":"Femme Alchimique Eveil de Femme - Stages Femmes -","isPartOf":{"@id":"https:\/\/eveil-de-femme.com\/#website"},"primaryImageOfPage":{"@id":"https:\/\/eveil-de-femme.com\/index.php\/femme-alchimie\/#primaryimage"},"image":{"@id":"https:\/\/eveil-de-femme.com\/index.php\/femme-alchimie\/#primaryimage"},"thumbnailUrl":"https:\/\/eveil-de-femme.com\/wp-content\/uploads\/2025\/10\/3-3.png","datePublished":"2023-11-12T11:10:36+00:00","dateModified":"2025-11-02T17:09:54+00:00","breadcrumb":{"@id":"https:\/\/eveil-de-femme.com\/index.php\/femme-alchimie\/#breadcrumb"},"inLanguage":"fr-FR","potentialAction":[{"@type":"ReadAction","target":["https:\/\/eveil-de-femme.com\/index.php\/femme-alchimie\/"]}]},{"@type":"ImageObject","inLanguage":"fr-FR","@id":"https:\/\/eveil-de-femme.com\/index.php\/femme-alchimie\/#primaryimage","url":"https:\/\/eveil-de-femme.com\/wp-content\/uploads\/2025\/10\/3-3.png","contentUrl":"https:\/\/eveil-de-femme.com\/wp-content\/uploads\/2025\/10\/3-3.png","width":450,"height":450},{"@type":"BreadcrumbList","@id":"https:\/\/eveil-de-femme.com\/index.php\/femme-alchimie\/#breadcrumb","itemListElement":[{"@type":"ListItem","position":1,"name":"Accueil","item":"https:\/\/eveil-de-femme.com\/"},{"@type":"ListItem","position":2,"name":"Femme Alchimique"}]},{"@type":"WebSite","@id":"https:\/\/eveil-de-femme.com\/#website","url":"https:\/\/eveil-de-femme.com\/","name":"Eveil de Femme","description":"Stage th\u00e9rapeutique psycho-corporelle et spirituelle","publisher":{"@id":"https:\/\/eveil-de-femme.com\/#organization"},"potentialAction":[{"@type":"SearchAction","target":{"@type":"EntryPoint","urlTemplate":"https:\/\/eveil-de-femme.com\/?s={search_term_string}"},"query-input":{"@type":"PropertyValueSpecification","valueRequired":true,"valueName":"search_term_string"}}],"inLanguage":"fr-FR"},{"@type":"Organization","@id":"https:\/\/eveil-de-femme.com\/#organization","name":"Eveil de femme","url":"https:\/\/eveil-de-femme.com\/","logo":{"@type":"ImageObject","inLanguage":"fr-FR","@id":"https:\/\/eveil-de-femme.com\/#\/schema\/logo\/image\/","url":"","contentUrl":"","caption":"Eveil de femme"},"image":{"@id":"https:\/\/eveil-de-femme.com\/#\/schema\/logo\/image\/"},"sameAs":["https:\/\/www.facebook.com\/Eveildefemme\/","https:\/\/www.instagram.com\/eveil_de_femme\/","https:\/\/www.youtube.com\/channel\/UCbyLerVKiNS_tqorjFt95pw"]}]}},"_links":{"self":[{"href":"https:\/\/eveil-de-femme.com\/index.php\/wp-json\/wp\/v2\/pages\/3981","targetHints":{"allow":["GET"]}}],"collection":[{"href":"https:\/\/eveil-de-femme.com\/index.php\/wp-json\/wp\/v2\/pages"}],"about":[{"href":"https:\/\/eveil-de-femme.com\/index.php\/wp-json\/wp\/v2\/types\/page"}],"author":[{"embeddable":true,"href":"https:\/\/eveil-de-femme.com\/index.php\/wp-json\/wp\/v2\/users\/1"}],"replies":[{"embeddable":true,"href":"https:\/\/eveil-de-femme.com\/index.php\/wp-json\/wp\/v2\/comments?post=3981"}],"version-history":[{"count":0,"href":"https:\/\/eveil-de-femme.com\/index.php\/wp-json\/wp\/v2\/pages\/3981\/revisions"}],"wp:featuredmedia":[{"embeddable":true,"href":"https:\/\/eveil-de-femme.com\/index.php\/wp-json\/wp\/v2\/media\/4566"}],"wp:attachment":[{"href":"https:\/\/eveil-de-femme.com\/index.php\/wp-json\/wp\/v2\/media?parent=3981"}],"curies":[{"name":"wp","href":"https:\/\/api.w.org\/{rel}","templated":true}]}}